{"id":734,"date":"2025-02-16T11:21:48","date_gmt":"2025-02-16T11:21:48","guid":{"rendered":"https:\/\/www.arto-entertainment.com\/kids\/?page_id=734"},"modified":"2026-01-17T15:17:40","modified_gmt":"2026-01-17T15:17:40","slug":"schulvorstellungen","status":"publish","type":"page","link":"https:\/\/www.arto-entertainment.com\/kids\/de\/schulvorstellungen\/","title":{"rendered":"Schulvorstellungen"},"content":{"rendered":"[vc_row type=&#8220;full_width_background&#8220; full_screen_row_position=&#8220;middle&#8220; column_margin=&#8220;default&#8220; column_direction=&#8220;default&#8220; column_direction_tablet=&#8220;default&#8220; column_direction_phone=&#8220;default&#8220; scene_position=&#8220;center&#8220; top_padding=&#8220;8%&#8220; constrain_group_1=&#8220;yes&#8220; bottom_padding=&#8220;8%&#8220; text_color=&#8220;dark&#8220; text_align=&#8220;left&#8220; row_border_radius=&#8220;none&#8220; row_border_radius_applies=&#8220;bg&#8220; overlay_strength=&#8220;0.3&#8243; gradient_direction=&#8220;left_to_right&#8220; shape_divider_position=&#8220;bottom&#8220; bg_image_animation=&#8220;none&#8220; shape_type=&#8220;&#8220;][vc_column column_padding=&#8220;no-extra-padding&#8220; column_padding_tablet=&#8220;inherit&#8220; column_padding_phone=&#8220;inherit&#8220; column_padding_position=&#8220;all&#8220; column_element_spacing=&#8220;default&#8220; background_color_opacity=&#8220;1&#8243; background_hover_color_opacity=&#8220;1&#8243; column_shadow=&#8220;none&#8220; column_border_radius=&#8220;none&#8220; column_link_target=&#8220;_self&#8220; gradient_direction=&#8220;left_to_right&#8220; overlay_strength=&#8220;0.3&#8243; width=&#8220;2\/3&#8243; tablet_width_inherit=&#8220;default&#8220; tablet_text_alignment=&#8220;default&#8220; phone_text_alignment=&#8220;default&#8220; bg_image_animation=&#8220;none&#8220; border_type=&#8220;simple&#8220; column_border_width=&#8220;none&#8220; column_border_style=&#8220;solid&#8220;][nectar_highlighted_text color_type=&#8220;regular&#8220; style=&#8220;full_text&#8220; highlight_expansion=&#8220;default&#8220;]\n<h2>Schulvorstellungen<\/h2>\n[\/nectar_highlighted_text][vc_column_text]\n<p class=\"p1\"><strong>Nicht jede Schule kann einen Bus zum Theater finanzieren, deshalb kommen wir gern zu Ihnen! <\/strong><\/p>\n<p class=\"p1\">Unsere preisgekr\u00f6nten Musicals f\u00fchren wir ohne Verst\u00e4rker auf, sodass kein Techniker n\u00f6tig ist und die Kosten niedrig bleiben. So k\u00f6nnen auch kleinere Schulen in den Genuss unserer Auff\u00fchrungen kommen. Pro Vorstellung passen bis zu 70 Kinder in unsere Auff\u00fchrung. Sind es mehr, bieten wir gerne eine zweite oder sogar dritte Vorstellung \u2013 jedes Mal zu einem besonders fairen Obolus.<\/p>\n[\/vc_column_text][\/vc_column][vc_column column_padding=&#8220;no-extra-padding&#8220; column_padding_tablet=&#8220;inherit&#8220; column_padding_phone=&#8220;inherit&#8220; column_padding_position=&#8220;all&#8220; column_element_spacing=&#8220;default&#8220; background_color_opacity=&#8220;1&#8243; background_hover_color_opacity=&#8220;1&#8243; column_shadow=&#8220;none&#8220; column_border_radius=&#8220;none&#8220; column_link_target=&#8220;_self&#8220; gradient_direction=&#8220;left_to_right&#8220; overlay_strength=&#8220;0.3&#8243; width=&#8220;1\/3&#8243; tablet_width_inherit=&#8220;default&#8220; tablet_text_alignment=&#8220;default&#8220; phone_text_alignment=&#8220;default&#8220; bg_image_animation=&#8220;none&#8220; border_type=&#8220;simple&#8220; column_border_width=&#8220;none&#8220; column_border_style=&#8220;solid&#8220;][\/vc_column][\/vc_row][vc_row type=&#8220;full_width_background&#8220; full_screen_row_position=&#8220;middle&#8220; column_margin=&#8220;default&#8220; column_direction=&#8220;default&#8220; column_direction_tablet=&#8220;default&#8220; column_direction_phone=&#8220;default&#8220; scene_position=&#8220;center&#8220; bottom_padding=&#8220;8%&#8220; text_color=&#8220;dark&#8220; text_align=&#8220;left&#8220; row_border_radius=&#8220;none&#8220; row_border_radius_applies=&#8220;bg&#8220; overlay_strength=&#8220;0.3&#8243; gradient_direction=&#8220;left_to_right&#8220; shape_divider_position=&#8220;bottom&#8220; bg_image_animation=&#8220;none&#8220; shape_type=&#8220;&#8220;][vc_column column_padding=&#8220;no-extra-padding&#8220; column_padding_tablet=&#8220;inherit&#8220; column_padding_phone=&#8220;inherit&#8220; column_padding_position=&#8220;all&#8220; column_element_spacing=&#8220;default&#8220; background_color_opacity=&#8220;1&#8243; background_hover_color_opacity=&#8220;1&#8243; column_shadow=&#8220;none&#8220; column_border_radius=&#8220;none&#8220; column_link_target=&#8220;_self&#8220; gradient_direction=&#8220;left_to_right&#8220; overlay_strength=&#8220;0.3&#8243; width=&#8220;1\/1&#8243; tablet_width_inherit=&#8220;default&#8220; tablet_text_alignment=&#8220;default&#8220; phone_text_alignment=&#8220;default&#8220; bg_image_animation=&#8220;none&#8220; border_type=&#8220;simple&#8220; column_border_width=&#8220;none&#8220; column_border_style=&#8220;solid&#8220;][nectar_post_grid post_type=&#8220;portfolio&#8220; portfolio_category=&#8220;schulauffuehrung-de&#8220; order=&#8220;DESC&#8220; orderby=&#8220;rand&#8220; pagination=&#8220;none&#8220; columns=&#8220;3&#8243; grid_item_spacing=&#8220;5px&#8220; grid_item_height=&#8220;50vh&#8220; enable_masonry=&#8220;yes&#8220; image_size=&#8220;large&#8220; image_loading=&#8220;lazy-load&#8220; animation=&#8220;none&#8220; heading_tag=&#8220;default&#8220; grid_style=&#8220;content_overlaid&#8220; text_content_layout=&#8220;all_middle&#8220; color_overlay=&#8220;#6561a9&#8243; color_overlay_opacity=&#8220;0.4&#8243; color_overlay_hover_opacity=&#8220;0.7&#8243; text_color=&#8220;light&#8220; text_color_hover=&#8220;light&#8220; text_opacity=&#8220;1&#8243; text_hover_opacity=&#8220;1&#8243; hover_effect=&#8220;slow_zoom&#8220; border_radius=&#8220;none&#8220; meta_visibility=&#8220;always&#8220; posts_per_page=&#8220;12&#8243;][\/vc_column][\/vc_row][vc_row type=&#8220;full_width_background&#8220; full_screen_row_position=&#8220;middle&#8220; column_margin=&#8220;default&#8220; column_direction=&#8220;default&#8220; column_direction_tablet=&#8220;default&#8220; column_direction_phone=&#8220;default&#8220; bg_color=&#8220;rgba(101,97,169,0.1)&#8220; scene_position=&#8220;center&#8220; text_color=&#8220;dark&#8220; text_align=&#8220;left&#8220; row_border_radius=&#8220;none&#8220; row_border_radius_applies=&#8220;bg&#8220; disable_element=&#8220;yes&#8220; overlay_strength=&#8220;0.3&#8243; gradient_direction=&#8220;left_to_right&#8220; shape_divider_position=&#8220;bottom&#8220; bg_image_animation=&#8220;none&#8220; shape_type=&#8220;&#8220;][vc_column column_padding=&#8220;no-extra-padding&#8220; column_padding_tablet=&#8220;inherit&#8220; column_padding_phone=&#8220;inherit&#8220; column_padding_position=&#8220;all&#8220; top_margin=&#8220;4%&#8220; constrain_group_1=&#8220;yes&#8220; bottom_margin=&#8220;4%&#8220; column_element_spacing=&#8220;default&#8220; background_color_opacity=&#8220;1&#8243; background_hover_color_opacity=&#8220;1&#8243; column_shadow=&#8220;none&#8220; column_border_radius=&#8220;none&#8220; column_link_target=&#8220;_self&#8220; gradient_direction=&#8220;left_to_right&#8220; overlay_strength=&#8220;0.3&#8243; width=&#8220;1\/1&#8243; tablet_width_inherit=&#8220;default&#8220; tablet_text_alignment=&#8220;default&#8220; phone_text_alignment=&#8220;default&#8220; bg_image_animation=&#8220;none&#8220; border_type=&#8220;simple&#8220; column_border_width=&#8220;none&#8220; column_border_style=&#8220;solid&#8220;][vc_column_text]\n<h3>Op deze pagina vind je alle veelgestelde vragen, met uiteraard de antwoorden erbij.<\/h3>\n[\/vc_column_text][\/vc_column][\/vc_row][vc_row type=&#8220;full_width_background&#8220; full_screen_row_position=&#8220;middle&#8220; column_margin=&#8220;20px&#8220; column_direction=&#8220;default&#8220; column_direction_tablet=&#8220;default&#8220; column_direction_phone=&#8220;default&#8220; bg_color=&#8220;rgba(101,97,169,0.1)&#8220; scene_position=&#8220;center&#8220; bottom_padding=&#8220;100&#8243; text_color=&#8220;dark&#8220; text_align=&#8220;left&#8220; row_border_radius=&#8220;none&#8220; row_border_radius_applies=&#8220;bg&#8220; disable_element=&#8220;yes&#8220; overlay_strength=&#8220;0.3&#8243; gradient_direction=&#8220;left_to_right&#8220; shape_divider_position=&#8220;bottom&#8220; bg_image_animation=&#8220;none&#8220; shape_type=&#8220;&#8220;][vc_column column_padding=&#8220;padding-2-percent&#8220; column_padding_tablet=&#8220;inherit&#8220; column_padding_phone=&#8220;inherit&#8220; column_padding_position=&#8220;all&#8220; column_element_spacing=&#8220;default&#8220; background_color_opacity=&#8220;1&#8243; background_hover_color_opacity=&#8220;1&#8243; column_shadow=&#8220;none&#8220; column_border_radius=&#8220;none&#8220; column_link_target=&#8220;_self&#8220; gradient_direction=&#8220;left_to_right&#8220; overlay_strength=&#8220;0.3&#8243; width=&#8220;1\/2&#8243; tablet_width_inherit=&#8220;default&#8220; tablet_text_alignment=&#8220;default&#8220; phone_text_alignment=&#8220;default&#8220; bg_image_animation=&#8220;none&#8220; border_type=&#8220;simple&#8220; column_border_width=&#8220;none&#8220; column_border_style=&#8220;solid&#8220;][toggles style=&#8220;minimal&#8220;][toggle color=&#8220;Default&#8220; title=&#8220;Hoe lang duurt de voorstelling?&#8220;][vc_column_text]Een voorstelling duurt +\/- 45 minuten.[\/vc_column_text][\/toggle][toggle color=&#8220;Default&#8220; title=&#8220;Voor welke leeftijd is de voorstelling?&#8220;][vc_column_text]\n<p class=\"p1\">Er zijn verschillende voorstellingen voor verschillende leeftijdsgroepen.<\/p>\n<ul class=\"color_18 font_7 wixui-rich-text__text\">\n<li class=\"wixui-rich-text__text\">\n<p class=\"font_7 wixui-rich-text__text\"><span class=\"wixui-rich-text__text\"><span class=\"color_18 wixui-rich-text__text\"><a class=\"wixui-rich-text__text\" href=\"https:\/\/www.arto-entertainment.com\/kids\/portfolio\/heksjemimi\/\" rel=\"noopener\">Heksje Mimi<\/a>\u00a0&#8211;<\/span> 2 tot 5 jaar<\/span><\/p>\n<\/li>\n<li class=\"wixui-rich-text__text\">\n<p class=\"font_7 wixui-rich-text__text\"><span class=\"wixui-rich-text__text\"><span class=\"color_18 wixui-rich-text__text\"><a href=\"https:\/\/www.arto-entertainment.com\/kids\/portfolio\/lottaendeslodderkip\/\">Lotta en de\u00a0Slodderkip<\/a>\u00a0&#8211;<\/span>\u00a02,5 tot 5 jaar<\/span><\/p>\n<\/li>\n<li class=\"wixui-rich-text__text\">\n<p class=\"font_7 wixui-rich-text__text\"><span class=\"wixui-rich-text__text\"><span class=\"color_18 wixui-rich-text__text\"><a href=\"https:\/\/www.arto-entertainment.com\/kids\/portfolio\/instrumentenvoorstellingvanlotta\/\">De instrumentenvoorstelling van Lotta<\/a>\u00a0&#8211;\u00a0<\/span>3 tot 8 jaar<\/span><\/p>\n<\/li>\n<li class=\"wixui-rich-text__text\">\n<p class=\"font_7 wixui-rich-text__text\"><span class=\"wixui-rich-text__text\"><span class=\"color_18 wixui-rich-text__text\"><a href=\"https:\/\/www.arto-entertainment.com\/kids\/portfolio\/lottaendepestvogel\/\">Lotta en de Pestvogel<\/a>\u00a0&#8211;\u00a0<\/span>4 tot 8 jaar<\/span><\/p>\n<\/li>\n<li class=\"wixui-rich-text__text\">\n<p class=\"font_7 wixui-rich-text__text\"><span class=\"wixui-rich-text__text\"><span class=\"color_18 wixui-rich-text__text\"><a class=\"wixui-rich-text__text\" href=\"https:\/\/www.arto-entertainment.com\/kids\/portfolio\/ikbenrikki\/\" target=\"_self\" rel=\"noopener\">Ik ben Rikki<\/a>\u00a0&#8211;\u00a0<\/span>3 tot 8 jaar<\/span><\/p>\n<\/li>\n<\/ul>\n[\/vc_column_text][\/toggle][toggle color=&#8220;Default&#8220; title=&#8220;Waar gaat de voorstelling door?&#8220;][vc_column_text]Wij komen met ons overzichtelijk decor naar jullie school\/Bibliotheek of theaterzaaltje. Een sportzaal of eetzaal is dus perfect![\/vc_column_text][\/toggle][toggle color=&#8220;Default&#8220; title=&#8220;Hoeveel kinderen mogen er maximum naar de voorstelling kijken?&#8220;][vc_column_text]Om de prijs te drukken, spelen wij onversterkt en is het maximum op 70 kinderen per voorstelling vastgezet.[\/vc_column_text][\/toggle][toggle color=&#8220;Default&#8220; title=&#8220;Hoeveel kost de voorstelling?&#8220;][vc_column_text]We hebben verschillende voorstellingen met verschillende prijzen. Die liggen tussen 350 en 500\u20ac.<\/p>\n<p>Naargelang je meerdere voorstellingen op een dag boekt, worden de voorstellingen goedkoper.<\/p>\n<p>Onze actuele prijzen vind je op de\u00a0Kindermusical pagina\u2019s.[\/vc_column_text][\/toggle][\/toggles][\/vc_column][vc_column column_padding=&#8220;padding-2-percent&#8220; column_padding_tablet=&#8220;inherit&#8220; column_padding_phone=&#8220;inherit&#8220; column_padding_position=&#8220;all&#8220; column_element_spacing=&#8220;default&#8220; background_color_opacity=&#8220;1&#8243; background_hover_color_opacity=&#8220;1&#8243; column_shadow=&#8220;none&#8220; column_border_radius=&#8220;none&#8220; column_link_target=&#8220;_self&#8220; gradient_direction=&#8220;left_to_right&#8220; overlay_strength=&#8220;0.3&#8243; width=&#8220;1\/2&#8243; tablet_width_inherit=&#8220;default&#8220; tablet_text_alignment=&#8220;default&#8220; phone_text_alignment=&#8220;default&#8220; bg_image_animation=&#8220;none&#8220; border_type=&#8220;simple&#8220; column_border_width=&#8220;none&#8220; column_border_style=&#8220;solid&#8220;][toggles style=&#8220;minimal&#8220;][toggle color=&#8220;Default&#8220; title=&#8220;Duiken er nog verdoken kosten op bij deze prijzen?&#8220;][vc_column_text]\n<p class=\"font_8 wixui-rich-text__text\">Voor scholen die een jaarlijkse fee betalen aan Sabam niet. Onze prijzen zijn inclusief BTW en vervoersonkosten.<\/p>\n<p class=\"font_8 wixui-rich-text__text\">Voor scholen die geen jaarlijkse fee betalen aan Sabam, kan er een factuurtje via unisono komen. Dat bedraagt 11% van het totaalbedrag van de musical.<br \/>\nVoorbeeld: Als de musical 350\u20ac kost, dan zal dat factuurtje 38,5\u20ac zijn.<\/p>\n[\/vc_column_text][\/toggle][toggle color=&#8220;Default&#8220; title=&#8220;Hoe lang op voorhand willen jullie beginnen met de opbouw van het decor?&#8220;][vc_column_text]\n<p class=\"font_8 wixui-rich-text__text\">We komen tussen 1 en 1,5 uur op voorhand om het decor op te bouwen.<\/p>\n[\/vc_column_text][\/toggle][toggle color=&#8220;Default&#8220; title=&#8220;Hoeveel plaats hebben jullie nodig?&#8220;][vc_column_text]\n<p class=\"font_8 wixui-rich-text__text\">Een plaats van 3mx4m is meer dan genoeg voor ons decor. Minder mag, maar moet op voorhand aangevraagd worden. Er moet zeker een stopcontact in de buurt zijn.<\/p>\n[\/vc_column_text][\/toggle][toggle color=&#8220;Default&#8220; title=&#8220;Kan ik de Spiekpietjes boeken?&#8220;][vc_column_text]\n<p class=\"font_8 wixui-rich-text__text\"><span class=\"wixui-rich-text__text\">Nee. &#8222;<\/span><span class=\"color_18 wixui-rich-text__text\"><span class=\"wixui-rich-text__text\"><a class=\"wixui-rich-text__text\" href=\"https:\/\/www.arto-entertainment.com\/kids\/portfolio\/de-spiekpietjesschool-paniek-in-de-speelgoedfabriek\/\" target=\"_self\" rel=\"noopener\">De Spiekpietjes<\/a><\/span><\/span><span class=\"wixui-rich-text__text\">&#8220; <\/span> is wel een productie van ARTO Entertainment, maar vind je enkel nog in de grotere theaterzalen.<\/p>\n[\/vc_column_text][\/toggle][\/toggles][\/vc_column][\/vc_row][vc_row type=&#8220;full_width_background&#8220; full_screen_row_position=&#8220;middle&#8220; column_margin=&#8220;default&#8220; column_direction=&#8220;default&#8220; column_direction_tablet=&#8220;default&#8220; column_direction_phone=&#8220;default&#8220; bg_color=&#8220;#ffffff&#8220; scene_position=&#8220;center&#8220; top_padding=&#8220;7%&#8220; bottom_padding=&#8220;7%&#8220; text_color=&#8220;dark&#8220; text_align=&#8220;left&#8220; row_border_radius=&#8220;none&#8220; row_border_radius_applies=&#8220;bg&#8220; disable_element=&#8220;yes&#8220; overlay_strength=&#8220;0.3&#8243; gradient_direction=&#8220;left_to_right&#8220; shape_divider_position=&#8220;bottom&#8220; bg_image_animation=&#8220;none&#8220; shape_type=&#8220;&#8220;][vc_column column_padding=&#8220;no-extra-padding&#8220; column_padding_tablet=&#8220;inherit&#8220; column_padding_phone=&#8220;inherit&#8220; column_padding_position=&#8220;all&#8220; column_element_spacing=&#8220;default&#8220; centered_text=&#8220;true&#8220; background_color_opacity=&#8220;1&#8243; background_hover_color_opacity=&#8220;1&#8243; column_shadow=&#8220;none&#8220; column_border_radius=&#8220;none&#8220; column_link_target=&#8220;_self&#8220; gradient_direction=&#8220;left_to_right&#8220; overlay_strength=&#8220;0.3&#8243; width=&#8220;1\/1&#8243; tablet_width_inherit=&#8220;default&#8220; tablet_text_alignment=&#8220;default&#8220; phone_text_alignment=&#8220;default&#8220; bg_image_animation=&#8220;none&#8220; border_type=&#8220;simple&#8220; column_border_width=&#8220;none&#8220; column_border_style=&#8220;solid&#8220;][vc_column_text]\n<h5 style=\"text-align: center;\">Dat zeggen de kijkers<\/h5>\n[\/vc_column_text][divider line_type=&#8220;Small Line&#8220; line_alignment=&#8220;default&#8220; line_thickness=&#8220;2&#8243; divider_color=&#8220;accent-color&#8220; animate=&#8220;yes&#8220; custom_height=&#8220;50&#8243; custom_line_width=&#8220;80&#8243;][testimonial_slider style=&#8220;multiple_visible_minimal&#8220; star_rating_color=&#8220;accent-color&#8220; autorotate=&#8220;5000&#8243;][testimonial star_rating=&#8220;none&#8220; title=&#8220;Testimonial&#8220; id=&#8220;1768663019545-9&#8243; name=&#8220;Lore Van Besien&#8220; subtitle=&#8220;Sint Rembertschool, Torhout&#8220; quote=&#8220;Waaaaaaauuuwwww!!!! Wat een toffe voorstelling kregen wij gisteren voorgeschoteld! Echt top! Prachtig!!!!&#8220; tab_id=&#8220;1768663019545-8&#8243;][testimonial star_rating=&#8220;none&#8220; title=&#8220;Testimonial&#8220; id=&#8220;1768663019558-9&#8243; name=&#8220;Sofie&#8220; subtitle=&#8220;leerkracht Nieuwen Bosch&#8220; quote=&#8220;De kinderen gaan er helemaal in mee en ikzelf heb ook de hele tijd zitten lachen.&#8220; tab_id=&#8220;1768663019558-0&#8243;][testimonial star_rating=&#8220;none&#8220; title=&#8220;Testimonial&#8220; id=&#8220;1768663019570-1&#8243; name=&#8220;Marie-Laure&#8220; subtitle=&#8220;voorzitster van het oudercomit\u00e9, basisschool Kleine Vorst&#8220; quote=&#8220;Het was de eerste keer dat hun kindjes thuis zo enthousiast waren over een toneelstuk en dat ze het verhaal nog konden navertellen.&#8220; tab_id=&#8220;1768663019570-8&#8243;][testimonial star_rating=&#8220;none&#8220; title=&#8220;Testimonial&#8220; id=&#8220;1768663019581-6&#8243; name=&#8220;Hilde&#8220; subtitle=&#8220;directrice Vrije Basisschool voor Buitengewoon Onderwijs \u201cDe Berk&#8222;&#8220; quote=&#8220;Jullie zijn geweldig! Deze musical MOET in elke school gespeeld worden!&#8220; tab_id=&#8220;1768663019581-7&#8243;][testimonial star_rating=&#8220;none&#8220; title=&#8220;Testimonial&#8220; id=&#8220;1768663019588-3&#8243; name=&#8220;Marleen&#8220; subtitle=&#8220;leerkracht in BSGO \u201cDe Schakel\u201d \u2013 15 minuten na de voorstelling&#8220; quote=&#8220;Het was superleuk! We willen deze voorstelling opnieuw boeken voor volgend jaar. Wanneer kunnen jullie?&#8220; tab_id=&#8220;1768663019588-5&#8243;][testimonial star_rating=&#8220;none&#8220; title=&#8220;Testimonial&#8220; id=&#8220;1768663019595-9&#8243; name=&#8220;Sien Verledens&#8220; subtitle=&#8220;Bibliotheek Oostrozebek&#8220; quote=&#8220;De kinderen hebben zich geamuseerd en ook de volwassenen waren laaiend enthousiast! Het was een supervoorstelling, gespeeld door een superactrice.&#8220; tab_id=&#8220;1768663019595-4&#8243;][testimonial star_rating=&#8220;none&#8220; title=&#8220;Testimonial&#8220; id=&#8220;1768663019602-8&#8243; name=&#8220;Nicole&#8220; subtitle=&#8220;moeder van 2 pleegkinderen&#8220; quote=&#8220;Leerrijk op zoveel verschillende vlakken! Topvoorstelling!!!&#8220; tab_id=&#8220;1768663019602-1&#8243;][testimonial star_rating=&#8220;none&#8220; title=&#8220;Testimonial&#8220; id=&#8220;1768663019605-2&#8243; subtitle=&#8220;Directeur VBS De Springplank&#8220; quote=&#8220;Komen jullie volgend jaar terug? Kunnen we dat nu al vastleggen?&#8220; tab_id=&#8220;1768663019606-8&#8243;][\/testimonial_slider][\/vc_column][\/vc_row][vc_row type=&#8220;in_container&#8220; full_screen_row_position=&#8220;middle&#8220; column_margin=&#8220;default&#8220; column_direction=&#8220;default&#8220; column_direction_tablet=&#8220;default&#8220; column_direction_phone=&#8220;default&#8220; scene_position=&#8220;center&#8220; text_color=&#8220;dark&#8220; text_align=&#8220;left&#8220; row_border_radius=&#8220;none&#8220; row_border_radius_applies=&#8220;bg&#8220; overlay_strength=&#8220;0.3&#8243; gradient_direction=&#8220;left_to_right&#8220; shape_divider_position=&#8220;bottom&#8220; bg_image_animation=&#8220;none&#8220;][vc_column column_padding=&#8220;no-extra-padding&#8220; column_padding_tablet=&#8220;inherit&#8220; column_padding_phone=&#8220;inherit&#8220; column_padding_position=&#8220;all&#8220; column_element_spacing=&#8220;default&#8220; background_color_opacity=&#8220;1&#8243; background_hover_color_opacity=&#8220;1&#8243; column_shadow=&#8220;none&#8220; column_border_radius=&#8220;none&#8220; column_link_target=&#8220;_self&#8220; gradient_direction=&#8220;left_to_right&#8220; overlay_strength=&#8220;0.3&#8243; width=&#8220;1\/1&#8243; tablet_width_inherit=&#8220;default&#8220; tablet_text_alignment=&#8220;default&#8220; phone_text_alignment=&#8220;default&#8220; bg_image_animation=&#8220;none&#8220; border_type=&#8220;simple&#8220; column_border_width=&#8220;none&#8220; column_border_style=&#8220;solid&#8220;][nectar_global_section id=&#8220;105&#8243;][\/vc_column][\/vc_row]\n","protected":false},"excerpt":{"rendered":"<p>[vc_row type=&#8220;full_width_background&#8220; full_screen_row_position=&#8220;middle&#8220; column_margin=&#8220;default&#8220; column_direction=&#8220;default&#8220; column_direction_tablet=&#8220;default&#8220; column_direction_phone=&#8220;default&#8220; scene_position=&#8220;center&#8220; top_padding=&#8220;8%&#8220; constrain_group_1=&#8220;yes&#8220; bottom_padding=&#8220;8%&#8220; text_color=&#8220;dark&#8220; text_align=&#8220;left&#8220; row_border_radius=&#8220;none&#8220; row_border_radius_applies=&#8220;bg&#8220; overlay_strength=&#8220;0.3&#8243; gradient_direction=&#8220;left_to_right&#8220; shape_divider_position=&#8220;bottom&#8220; bg_image_animation=&#8220;none&#8220; shape_type=&#8220;&#8220;][vc_column column_padding=&#8220;no-extra-padding&#8220; column_padding_tablet=&#8220;inherit&#8220; column_padding_phone=&#8220;inherit&#8220; column_padding_position=&#8220;all&#8220; column_element_spacing=&#8220;default&#8220; background_color_opacity=&#8220;1&#8243; background_hover_color_opacity=&#8220;1&#8243; column_shadow=&#8220;none&#8220; column_border_radius=&#8220;none&#8220; column_link_target=&#8220;_self&#8220;&#8230;<\/p>\n","protected":false},"author":1,"featured_media":0,"parent":0,"menu_order":0,"comment_status":"closed","ping_status":"closed","template":"","meta":{"footnotes":""},"class_list":["post-734","page","type-page","status-publish"],"_links":{"self":[{"href":"https:\/\/www.arto-entertainment.com\/kids\/wp-json\/wp\/v2\/pages\/734","targetHints":{"allow":["GET"]}}],"collection":[{"href":"https:\/\/www.arto-entertainment.com\/kids\/wp-json\/wp\/v2\/pages"}],"about":[{"href":"https:\/\/www.arto-entertainment.com\/kids\/wp-json\/wp\/v2\/types\/page"}],"author":[{"embeddable":true,"href":"https:\/\/www.arto-entertainment.com\/kids\/wp-json\/wp\/v2\/users\/1"}],"replies":[{"embeddable":true,"href":"https:\/\/www.arto-entertainment.com\/kids\/wp-json\/wp\/v2\/comments?post=734"}],"version-history":[{"count":10,"href":"https:\/\/www.arto-entertainment.com\/kids\/wp-json\/wp\/v2\/pages\/734\/revisions"}],"predecessor-version":[{"id":931,"href":"https:\/\/www.arto-entertainment.com\/kids\/wp-json\/wp\/v2\/pages\/734\/revisions\/931"}],"wp:attachment":[{"href":"https:\/\/www.arto-entertainment.com\/kids\/wp-json\/wp\/v2\/media?parent=734"}],"curies":[{"name":"wp","href":"https:\/\/api.w.org\/{rel}","templated":true}]}}